{"id":498,"date":"2022-11-18T14:25:40","date_gmt":"2022-11-18T20:25:40","guid":{"rendered":"https:\/\/fxtekkmachinery.com\/?post_type=product&#038;p=498"},"modified":"2022-11-18T14:30:17","modified_gmt":"2022-11-18T20:30:17","slug":"amada-vipros-255-punzonadora-2000","status":"publish","type":"product","link":"https:\/\/fxtekkmachinery.com\/en\/product\/amada-vipros-255-punzonadora-2000\/","title":{"rendered":"AMADA VIPROS 255 PUNCHING MACHINE, 2000"},"content":{"rendered":"<div class=\"row overview\">\n<div class=\"container\">\n<div id=\"data-overview\" class=\"col s12 l8\">\n<ul class=\"row\">\n<li class=\"col s12 l6 uppercase-data\"><strong>MARCA:\u00a0<\/strong>AMADA<\/li>\n<li class=\"col s12 l6 uppercase-data\"><strong>A\u00d1O: 2000<\/strong><\/li>\n<li class=\"col s12 l6\"><strong>MODELO:\u00a0<\/strong>Vipros 255<\/li>\n<li class=\"col s12 l6 uppercase-data\"><strong>TIPO DE APLICACI\u00d3N:\u00a0<\/strong>PUNZONADO<\/li>\n<li class=\"col s12 l6 uppercase-data\"><strong>TIPO DE M\u00c1QUINA:\u00a0<\/strong>PUNZONADORA<\/li>\n<li class=\"col s12 l6 uppercase-data\"><strong>MARCA DE UNIDAD DE CONTROL:\u00a0<\/strong>FANUC 18-P<\/li>\n<li class=\"col s12 l6 uppercase-data\"><strong>LONGITUD DE M\u00c1QUINA:\u00a0<\/strong>5030 MM<\/li>\n<li class=\"col s12 l6 uppercase-data\"><strong>ANCHO DE M\u00c1QUINA:\u00a0<\/strong>2630 MM<\/li>\n<li class=\"col s12 l6 uppercase-data\"><strong>ALTURA DE M\u00c1QUINA:\u00a0<\/strong>2160 MM<\/li>\n<li class=\"col s12 l6 uppercase-data\"><strong>PESO DE M\u00c1QUINA:\u00a0<\/strong>9200 KG<\/li>\n<li class=\"col s12 l6 uppercase-data\"><strong>POTENCIA DE PUNZONADO: <\/strong>200 KN<\/li>\n<li class=\"col s12 l6 uppercase-data\"><strong>GROSOR M\u00c1XIMO DE PLANCHA:\u00a0<\/strong>6,4 MM<\/li>\n<li class=\"col s12 l6 uppercase-data\"><strong>LONGITUD EXTERIOR:\u00a0<\/strong>2540 MM<\/li>\n<li class=\"col s12 l6 uppercase-data\"><strong>ANCHO EXTERIOR:\u00a0<\/strong>1270 MM<\/li>\n<li class=\"col s12 l6 uppercase-data\"><strong>CARGA DE MESA DE TRABAJO:\u00a0<\/strong>100 KG<\/li>\n<li class=\"col s12 l6 uppercase-data\"><strong>CONSUMO DE ENERG\u00cdA: <\/strong>25 KVA<\/li>\n<\/ul>\n<\/div>\n<\/div>\n<\/div>\n<div class=\"row space-bottom\">\n<div class=\"container\">\n<div class=\"technical-information\">\n<div class=\"row space-bottom\">\n<div class=\"col s12 l8\">\n<div class=\"title-additional-information\">\n<p>&nbsp;<\/p>\n<p><strong>BENEFICIOS T\u00c9CNICOS DE LA M\u00c1QUINA:<\/strong><\/p>\n<ul>\n<li style=\"list-style-type: none;\">\n<ul class=\"wrapListBenefits\">\n<li>&#8211; N\u00daMERO DE ESTACIONES DE TORRETA (PCS): 31<\/li>\n<li>&#8211; VELOCIDAD DE POSICIONAMIENTO SIMULT\u00c1NEO (X \/ Y): 89 M\/MIN<\/li>\n<li>&#8211; N\u00daMERO DE ESTACIONES DE HERRAMIENTAS DE \u00cdNDICE, M\u00c1XIMO: 3<\/li>\n<li>&#8211; ROTACI\u00d3N DE LA HERRAMIENTA, M\u00c1XIMO: 35 R\/MIN<\/li>\n<li>&#8211; DI\u00c1METRO M\u00c1XIMO DEL PUNZ\u00d3N: 88,9 MM<\/li>\n<\/ul>\n<\/li>\n<\/ul>\n<\/div>\n<\/div>\n<\/div>\n<\/div>\n<\/div>\n<\/div>","protected":false},"excerpt":{"rendered":"<p><strong>Modelo: VIPROS 205050<\/strong><\/p>\n<ul>\n<li>Capacidad: 20 Tons<\/li>\n<li>Control: Fanuc series 18-P<\/li>\n<li>Numero de Torretas: 31<\/li>\n<li>Peso: 9.8 Tons<\/li>\n<li>A\u00f1o: 2000<\/li>\n<li>Tama\u00f1o de Hoja: 50\u2033 x 50\u2033<\/li>\n<li>Tama\u00f1o de Hoja (con Reposici\u00f3n): 50\u2033 x 50\u2033<\/li>\n<\/ul>\n<p>*Con la compra de esta maquina se incluye; entrenamiento e instalacion de maquinaria amada. Tambien asesoria en programacion cnc de su control fanuc y operacion de la m\u00e1quina.<\/p>","protected":false},"featured_media":608,"comment_status":"closed","ping_status":"closed","template":"","meta":[],"product_brand":[],"product_cat":[26],"product_tag":[],"class_list":{"0":"post-498","1":"product","2":"type-product","3":"status-publish","4":"has-post-thumbnail","6":"product_cat-punzonadoras","8":"first","9":"instock","10":"shipping-taxable","11":"product-type-simple"},"yoast_head":"<!-- This site is optimized with the Yoast SEO plugin v26.9 - https:\/\/yoast.com\/product\/yoast-seo-wordpress\/ -->\n<title>AMADA VIPROS 255 PUNZONADORA, 2000 - FX Tekk Machinery<\/title>\n<meta name=\"robots\" content=\"index, follow, max-snippet:-1, max-image-preview:large, max-video-preview:-1\" \/>\n<link rel=\"canonical\" href=\"https:\/\/fxtekkmachinery.com\/en\/product\/amada-vipros-255-punzonadora-2000\/\" \/>\n<meta property=\"og:locale\" content=\"en_US\" \/>\n<meta property=\"og:type\" content=\"article\" \/>\n<meta property=\"og:title\" content=\"AMADA VIPROS 255 PUNZONADORA, 2000 - FX Tekk Machinery\" \/>\n<meta property=\"og:description\" content=\"Modelo: VIPROS 205050   Capacidad: 20 Tons  Control: Fanuc series 18-P  Numero de Torretas: 31  Peso: 9.8 Tons  A\u00f1o: 2000  Tama\u00f1o de Hoja: 50\u2033 x 50\u2033  Tama\u00f1o de Hoja (con Reposici\u00f3n): 50\u2033 x 50\u2033  *Con la compra de esta maquina se incluye; entrenamiento e instalacion de maquinaria amada. Tambien asesoria en programacion cnc de su control fanuc y operacion de la m\u00e1quina.\" \/>\n<meta property=\"og:url\" content=\"https:\/\/fxtekkmachinery.com\/en\/product\/amada-vipros-255-punzonadora-2000\/\" \/>\n<meta property=\"og:site_name\" content=\"FX Tekk Machinery\" \/>\n<meta property=\"article:modified_time\" content=\"2022-11-18T20:30:17+00:00\" \/>\n<meta property=\"og:image\" content=\"https:\/\/fxtekkmachinery.com\/wp-content\/uploads\/2022\/11\/vipros-4.jpg\" \/>\n\t<meta property=\"og:image:width\" content=\"2016\" \/>\n\t<meta property=\"og:image:height\" content=\"1512\" \/>\n\t<meta property=\"og:image:type\" content=\"image\/jpeg\" \/>\n<meta name=\"twitter:card\" content=\"summary_large_image\" \/>\n<meta name=\"twitter:label1\" content=\"Est. reading time\" \/>\n\t<meta name=\"twitter:data1\" content=\"1 minute\" \/>\n<script type=\"application\/ld+json\" class=\"yoast-schema-graph\">{\"@context\":\"https:\/\/schema.org\",\"@graph\":[{\"@type\":\"WebPage\",\"@id\":\"https:\/\/fxtekkmachinery.com\/product\/amada-vipros-255-punzonadora-2000\/\",\"url\":\"https:\/\/fxtekkmachinery.com\/product\/amada-vipros-255-punzonadora-2000\/\",\"name\":\"AMADA VIPROS 255 PUNZONADORA, 2000 - FX Tekk Machinery\",\"isPartOf\":{\"@id\":\"https:\/\/fxtekkmachinery.com\/#website\"},\"primaryImageOfPage\":{\"@id\":\"https:\/\/fxtekkmachinery.com\/product\/amada-vipros-255-punzonadora-2000\/#primaryimage\"},\"image\":{\"@id\":\"https:\/\/fxtekkmachinery.com\/product\/amada-vipros-255-punzonadora-2000\/#primaryimage\"},\"thumbnailUrl\":\"https:\/\/fxtekkmachinery.com\/wp-content\/uploads\/2022\/11\/vipros-4.jpg\",\"datePublished\":\"2022-11-18T20:25:40+00:00\",\"dateModified\":\"2022-11-18T20:30:17+00:00\",\"breadcrumb\":{\"@id\":\"https:\/\/fxtekkmachinery.com\/product\/amada-vipros-255-punzonadora-2000\/#breadcrumb\"},\"inLanguage\":\"en-US\",\"potentialAction\":[{\"@type\":\"ReadAction\",\"target\":[\"https:\/\/fxtekkmachinery.com\/product\/amada-vipros-255-punzonadora-2000\/\"]}]},{\"@type\":\"ImageObject\",\"inLanguage\":\"en-US\",\"@id\":\"https:\/\/fxtekkmachinery.com\/product\/amada-vipros-255-punzonadora-2000\/#primaryimage\",\"url\":\"https:\/\/fxtekkmachinery.com\/wp-content\/uploads\/2022\/11\/vipros-4.jpg\",\"contentUrl\":\"https:\/\/fxtekkmachinery.com\/wp-content\/uploads\/2022\/11\/vipros-4.jpg\",\"width\":2016,\"height\":1512},{\"@type\":\"BreadcrumbList\",\"@id\":\"https:\/\/fxtekkmachinery.com\/product\/amada-vipros-255-punzonadora-2000\/#breadcrumb\",\"itemListElement\":[{\"@type\":\"ListItem\",\"position\":1,\"name\":\"Inicio\",\"item\":\"https:\/\/fxtekkmachinery.com\/\"},{\"@type\":\"ListItem\",\"position\":2,\"name\":\"Inventario\",\"item\":\"https:\/\/fxtekkmachinery.com\/inventario\/\"},{\"@type\":\"ListItem\",\"position\":3,\"name\":\"AMADA VIPROS 255 PUNZONADORA, 2000\"}]},{\"@type\":\"WebSite\",\"@id\":\"https:\/\/fxtekkmachinery.com\/#website\",\"url\":\"https:\/\/fxtekkmachinery.com\/\",\"name\":\"FX Tekk Machinery\",\"description\":\"Compra y Venta de Maquinaria Industrial\",\"publisher\":{\"@id\":\"https:\/\/fxtekkmachinery.com\/#organization\"},\"potentialAction\":[{\"@type\":\"SearchAction\",\"target\":{\"@type\":\"EntryPoint\",\"urlTemplate\":\"https:\/\/fxtekkmachinery.com\/?s={search_term_string}\"},\"query-input\":{\"@type\":\"PropertyValueSpecification\",\"valueRequired\":true,\"valueName\":\"search_term_string\"}}],\"inLanguage\":\"en-US\"},{\"@type\":\"Organization\",\"@id\":\"https:\/\/fxtekkmachinery.com\/#organization\",\"name\":\"FX Tekk Machinery\",\"url\":\"https:\/\/fxtekkmachinery.com\/\",\"logo\":{\"@type\":\"ImageObject\",\"inLanguage\":\"en-US\",\"@id\":\"https:\/\/fxtekkmachinery.com\/#\/schema\/logo\/image\/\",\"url\":\"https:\/\/fxtekkmachinery.com\/wp-content\/uploads\/2022\/11\/fxtekk-original.png\",\"contentUrl\":\"https:\/\/fxtekkmachinery.com\/wp-content\/uploads\/2022\/11\/fxtekk-original.png\",\"width\":600,\"height\":314,\"caption\":\"FX Tekk Machinery\"},\"image\":{\"@id\":\"https:\/\/fxtekkmachinery.com\/#\/schema\/logo\/image\/\"}}]}<\/script>\n<!-- \/ Yoast SEO plugin. -->","yoast_head_json":{"title":"AMADA VIPROS 255 PUNZONADORA, 2000 - FX Tekk Machinery","robots":{"index":"index","follow":"follow","max-snippet":"max-snippet:-1","max-image-preview":"max-image-preview:large","max-video-preview":"max-video-preview:-1"},"canonical":"https:\/\/fxtekkmachinery.com\/en\/product\/amada-vipros-255-punzonadora-2000\/","og_locale":"en_US","og_type":"article","og_title":"AMADA VIPROS 255 PUNZONADORA, 2000 - FX Tekk Machinery","og_description":"Modelo: VIPROS 205050   Capacidad: 20 Tons  Control: Fanuc series 18-P  Numero de Torretas: 31  Peso: 9.8 Tons  A\u00f1o: 2000  Tama\u00f1o de Hoja: 50\u2033 x 50\u2033  Tama\u00f1o de Hoja (con Reposici\u00f3n): 50\u2033 x 50\u2033  *Con la compra de esta maquina se incluye; entrenamiento e instalacion de maquinaria amada. Tambien asesoria en programacion cnc de su control fanuc y operacion de la m\u00e1quina.","og_url":"https:\/\/fxtekkmachinery.com\/en\/product\/amada-vipros-255-punzonadora-2000\/","og_site_name":"FX Tekk Machinery","article_modified_time":"2022-11-18T20:30:17+00:00","og_image":[{"width":2016,"height":1512,"url":"https:\/\/fxtekkmachinery.com\/wp-content\/uploads\/2022\/11\/vipros-4.jpg","type":"image\/jpeg"}],"twitter_card":"summary_large_image","twitter_misc":{"Est. reading time":"1 minute"},"schema":{"@context":"https:\/\/schema.org","@graph":[{"@type":"WebPage","@id":"https:\/\/fxtekkmachinery.com\/product\/amada-vipros-255-punzonadora-2000\/","url":"https:\/\/fxtekkmachinery.com\/product\/amada-vipros-255-punzonadora-2000\/","name":"AMADA VIPROS 255 PUNZONADORA, 2000 - FX Tekk Machinery","isPartOf":{"@id":"https:\/\/fxtekkmachinery.com\/#website"},"primaryImageOfPage":{"@id":"https:\/\/fxtekkmachinery.com\/product\/amada-vipros-255-punzonadora-2000\/#primaryimage"},"image":{"@id":"https:\/\/fxtekkmachinery.com\/product\/amada-vipros-255-punzonadora-2000\/#primaryimage"},"thumbnailUrl":"https:\/\/fxtekkmachinery.com\/wp-content\/uploads\/2022\/11\/vipros-4.jpg","datePublished":"2022-11-18T20:25:40+00:00","dateModified":"2022-11-18T20:30:17+00:00","breadcrumb":{"@id":"https:\/\/fxtekkmachinery.com\/product\/amada-vipros-255-punzonadora-2000\/#breadcrumb"},"inLanguage":"en-US","potentialAction":[{"@type":"ReadAction","target":["https:\/\/fxtekkmachinery.com\/product\/amada-vipros-255-punzonadora-2000\/"]}]},{"@type":"ImageObject","inLanguage":"en-US","@id":"https:\/\/fxtekkmachinery.com\/product\/amada-vipros-255-punzonadora-2000\/#primaryimage","url":"https:\/\/fxtekkmachinery.com\/wp-content\/uploads\/2022\/11\/vipros-4.jpg","contentUrl":"https:\/\/fxtekkmachinery.com\/wp-content\/uploads\/2022\/11\/vipros-4.jpg","width":2016,"height":1512},{"@type":"BreadcrumbList","@id":"https:\/\/fxtekkmachinery.com\/product\/amada-vipros-255-punzonadora-2000\/#breadcrumb","itemListElement":[{"@type":"ListItem","position":1,"name":"Inicio","item":"https:\/\/fxtekkmachinery.com\/"},{"@type":"ListItem","position":2,"name":"Inventario","item":"https:\/\/fxtekkmachinery.com\/inventario\/"},{"@type":"ListItem","position":3,"name":"AMADA VIPROS 255 PUNZONADORA, 2000"}]},{"@type":"WebSite","@id":"https:\/\/fxtekkmachinery.com\/#website","url":"https:\/\/fxtekkmachinery.com\/","name":"FX Tekk Machinery","description":"Compra y Venta de Maquinaria Industrial","publisher":{"@id":"https:\/\/fxtekkmachinery.com\/#organization"},"potentialAction":[{"@type":"SearchAction","target":{"@type":"EntryPoint","urlTemplate":"https:\/\/fxtekkmachinery.com\/?s={search_term_string}"},"query-input":{"@type":"PropertyValueSpecification","valueRequired":true,"valueName":"search_term_string"}}],"inLanguage":"en-US"},{"@type":"Organization","@id":"https:\/\/fxtekkmachinery.com\/#organization","name":"FX Tekk Machinery","url":"https:\/\/fxtekkmachinery.com\/","logo":{"@type":"ImageObject","inLanguage":"en-US","@id":"https:\/\/fxtekkmachinery.com\/#\/schema\/logo\/image\/","url":"https:\/\/fxtekkmachinery.com\/wp-content\/uploads\/2022\/11\/fxtekk-original.png","contentUrl":"https:\/\/fxtekkmachinery.com\/wp-content\/uploads\/2022\/11\/fxtekk-original.png","width":600,"height":314,"caption":"FX Tekk Machinery"},"image":{"@id":"https:\/\/fxtekkmachinery.com\/#\/schema\/logo\/image\/"}}]}},"_links":{"self":[{"href":"https:\/\/fxtekkmachinery.com\/en\/wp-json\/wp\/v2\/product\/498","targetHints":{"allow":["GET"]}}],"collection":[{"href":"https:\/\/fxtekkmachinery.com\/en\/wp-json\/wp\/v2\/product"}],"about":[{"href":"https:\/\/fxtekkmachinery.com\/en\/wp-json\/wp\/v2\/types\/product"}],"replies":[{"embeddable":true,"href":"https:\/\/fxtekkmachinery.com\/en\/wp-json\/wp\/v2\/comments?post=498"}],"wp:featuredmedia":[{"embeddable":true,"href":"https:\/\/fxtekkmachinery.com\/en\/wp-json\/wp\/v2\/media\/608"}],"wp:attachment":[{"href":"https:\/\/fxtekkmachinery.com\/en\/wp-json\/wp\/v2\/media?parent=498"}],"wp:term":[{"taxonomy":"product_brand","embeddable":true,"href":"https:\/\/fxtekkmachinery.com\/en\/wp-json\/wp\/v2\/product_brand?post=498"},{"taxonomy":"product_cat","embeddable":true,"href":"https:\/\/fxtekkmachinery.com\/en\/wp-json\/wp\/v2\/product_cat?post=498"},{"taxonomy":"product_tag","embeddable":true,"href":"https:\/\/fxtekkmachinery.com\/en\/wp-json\/wp\/v2\/product_tag?post=498"}],"curies":[{"name":"wp","href":"https:\/\/api.w.org\/{rel}","templated":true}]}}