{"id":381,"date":"2022-11-18T14:18:45","date_gmt":"2022-11-18T20:18:45","guid":{"rendered":"https:\/\/fxtekkmachinery.com\/?post_type=product&#038;p=381"},"modified":"2022-11-18T14:21:32","modified_gmt":"2022-11-18T20:21:32","slug":"amada-coma-567-punzonadora-1979","status":"publish","type":"product","link":"https:\/\/fxtekkmachinery.com\/en\/product\/amada-coma-567-punzonadora-1979\/","title":{"rendered":"AMADA COMA 567 PUNCHING MACHINE, 1979"},"content":{"rendered":"<p><strong>AMADA COMA 567 PUNZONADORA, 1979:<\/strong><\/p>\n<ul>\n<li>Reposicionamiento autom\u00e1tico<\/li>\n<li>Programaci\u00f3n absoluta o incremental<\/li>\n<li>Programable dimensional m\u00e9trico o de pulgada<\/li>\n<li>Tornillos de cables de bolas de recirculaci\u00f3n de tierra de precisi\u00f3n para ejes X e Y<\/li>\n<li>Carros X e Y conducidos por servomotores de CA<\/li>\n<li>Sensores de abrazadera a prueba de choque<\/li>\n<li>Pines y bujes de \u00edndice de torreta de tierra y endurecidas<\/li>\n<li>Los enclavamientos de seguridad y los protectores de exceso con todo el control de pasos evitan accidentes<\/li>\n<li>Torreta de tipo grueso de \u00edndice autom\u00e1tico de 58 estaciones para herramientas de cuerpo largo<\/li>\n<li>Fanuc 04PC Control<\/li>\n<li>Detecci\u00f3n de faltas de tiras<\/li>\n<li>Trampilla<\/li>\n<li>Elevador de herramientas<\/li>\n<li>Puerto de computadora RS 232<\/li>\n<li>Programador de luces<\/li>\n<li>Embrague hidr\u00e1ulico\/mec\u00e1nico y sistema de frenos<\/li>\n<li>Abrazaderas de trabajo de material grueso hidr\u00e1ulico opcionales .250&#8243; a .500&#8243;<\/li>\n<li>Incluye abrazaderas de trabajo hidr\u00e1ulicas est\u00e1ndar .250&#8243; y m\u00e1s delgadas<\/li>\n<li>Golpe de aire opcional disponible<\/li>\n<li>Transportador incluido<\/li>\n<li>La m\u00e1quina utiliza herramientas Amada existentes<\/li>\n<\/ul>","protected":false},"excerpt":{"rendered":"<p><strong>Modelo: COMA 506072<\/strong><\/p>\n<ul>\n<li>Capacidad: 50 Tons<\/li>\n<li>Control: Fanuc 04P-C<\/li>\n<li>Numero de Torretas: 56<\/li>\n<li>Peso: 18 Tons<\/li>\n<li>A\u00f1o: 1979<\/li>\n<li>Tama\u00f1o de Hoja: 60\u2033 x 72\u2033<\/li>\n<li>Tama\u00f1o de Hoja (con Reposici\u00f3n): 60\u2033 x 144\u2033<\/li>\n<li>Dimensiones Aproximadas de Maquina:<\/li>\n<\/ul>\n<p>*Con la compra de esta maquina se incluye; entrenamiento e instalacion de maquinaria amada. Tambien asesoria en programacion cnc de su control fanuc y operacion de la m\u00e1quina.<\/p>\n<div class=\"summary entry-summary\">\n<div class=\"woocommerce-product-details__short-description\"><\/div>\n<\/div>","protected":false},"featured_media":427,"comment_status":"open","ping_status":"closed","template":"","meta":[],"product_brand":[],"product_cat":[26],"product_tag":[],"class_list":{"0":"post-381","1":"product","2":"type-product","3":"status-publish","4":"has-post-thumbnail","6":"product_cat-punzonadoras","8":"first","9":"instock","10":"featured","11":"shipping-taxable","12":"product-type-simple"},"yoast_head":"<!-- This site is optimized with the Yoast SEO plugin v26.9 - https:\/\/yoast.com\/product\/yoast-seo-wordpress\/ -->\n<title>AMADA COMA 567 PUNZONADORA, 1979 - FX Tekk Machinery<\/title>\n<meta name=\"robots\" content=\"index, follow, max-snippet:-1, max-image-preview:large, max-video-preview:-1\" \/>\n<link rel=\"canonical\" href=\"https:\/\/fxtekkmachinery.com\/en\/product\/amada-coma-567-punzonadora-1979\/\" \/>\n<meta property=\"og:locale\" content=\"en_US\" \/>\n<meta property=\"og:type\" content=\"article\" \/>\n<meta property=\"og:title\" content=\"AMADA COMA 567 PUNZONADORA, 1979 - FX Tekk Machinery\" \/>\n<meta property=\"og:description\" content=\"Modelo: COMA 506072   Capacidad: 50 Tons  Control: Fanuc 04P-C  Numero de Torretas: 56  Peso: 18 Tons  A\u00f1o: 1979  Tama\u00f1o de Hoja: 60\u2033 x 72\u2033  Tama\u00f1o de Hoja (con Reposici\u00f3n): 60\u2033 x 144\u2033  Dimensiones Aproximadas de Maquina:  *Con la compra de esta maquina se incluye; entrenamiento e instalacion de maquinaria amada. Tambien asesoria en programacion cnc de su control fanuc y operacion de la m\u00e1quina.\" \/>\n<meta property=\"og:url\" content=\"https:\/\/fxtekkmachinery.com\/en\/product\/amada-coma-567-punzonadora-1979\/\" \/>\n<meta property=\"og:site_name\" content=\"FX Tekk Machinery\" \/>\n<meta property=\"article:modified_time\" content=\"2022-11-18T20:21:32+00:00\" \/>\n<meta property=\"og:image\" content=\"https:\/\/fxtekkmachinery.com\/wp-content\/uploads\/2022\/11\/IMG_1366-scaled.jpg\" \/>\n\t<meta property=\"og:image:width\" content=\"2560\" \/>\n\t<meta property=\"og:image:height\" content=\"1920\" \/>\n\t<meta property=\"og:image:type\" content=\"image\/jpeg\" \/>\n<meta name=\"twitter:card\" content=\"summary_large_image\" \/>\n<meta name=\"twitter:label1\" content=\"Est. reading time\" \/>\n\t<meta name=\"twitter:data1\" content=\"1 minute\" \/>\n<script type=\"application\/ld+json\" class=\"yoast-schema-graph\">{\"@context\":\"https:\/\/schema.org\",\"@graph\":[{\"@type\":\"WebPage\",\"@id\":\"https:\/\/fxtekkmachinery.com\/product\/amada-coma-567-punzonadora-1979\/\",\"url\":\"https:\/\/fxtekkmachinery.com\/product\/amada-coma-567-punzonadora-1979\/\",\"name\":\"AMADA COMA 567 PUNZONADORA, 1979 - FX Tekk Machinery\",\"isPartOf\":{\"@id\":\"https:\/\/fxtekkmachinery.com\/#website\"},\"primaryImageOfPage\":{\"@id\":\"https:\/\/fxtekkmachinery.com\/product\/amada-coma-567-punzonadora-1979\/#primaryimage\"},\"image\":{\"@id\":\"https:\/\/fxtekkmachinery.com\/product\/amada-coma-567-punzonadora-1979\/#primaryimage\"},\"thumbnailUrl\":\"https:\/\/fxtekkmachinery.com\/wp-content\/uploads\/2022\/11\/IMG_1366-scaled.jpg\",\"datePublished\":\"2022-11-18T20:18:45+00:00\",\"dateModified\":\"2022-11-18T20:21:32+00:00\",\"breadcrumb\":{\"@id\":\"https:\/\/fxtekkmachinery.com\/product\/amada-coma-567-punzonadora-1979\/#breadcrumb\"},\"inLanguage\":\"en-US\",\"potentialAction\":[{\"@type\":\"ReadAction\",\"target\":[\"https:\/\/fxtekkmachinery.com\/product\/amada-coma-567-punzonadora-1979\/\"]}]},{\"@type\":\"ImageObject\",\"inLanguage\":\"en-US\",\"@id\":\"https:\/\/fxtekkmachinery.com\/product\/amada-coma-567-punzonadora-1979\/#primaryimage\",\"url\":\"https:\/\/fxtekkmachinery.com\/wp-content\/uploads\/2022\/11\/IMG_1366-scaled.jpg\",\"contentUrl\":\"https:\/\/fxtekkmachinery.com\/wp-content\/uploads\/2022\/11\/IMG_1366-scaled.jpg\",\"width\":2560,\"height\":1920},{\"@type\":\"BreadcrumbList\",\"@id\":\"https:\/\/fxtekkmachinery.com\/product\/amada-coma-567-punzonadora-1979\/#breadcrumb\",\"itemListElement\":[{\"@type\":\"ListItem\",\"position\":1,\"name\":\"Inicio\",\"item\":\"https:\/\/fxtekkmachinery.com\/\"},{\"@type\":\"ListItem\",\"position\":2,\"name\":\"Inventario\",\"item\":\"https:\/\/fxtekkmachinery.com\/inventario\/\"},{\"@type\":\"ListItem\",\"position\":3,\"name\":\"AMADA COMA 567 PUNZONADORA, 1979\"}]},{\"@type\":\"WebSite\",\"@id\":\"https:\/\/fxtekkmachinery.com\/#website\",\"url\":\"https:\/\/fxtekkmachinery.com\/\",\"name\":\"FX Tekk Machinery\",\"description\":\"Compra y Venta de Maquinaria Industrial\",\"publisher\":{\"@id\":\"https:\/\/fxtekkmachinery.com\/#organization\"},\"potentialAction\":[{\"@type\":\"SearchAction\",\"target\":{\"@type\":\"EntryPoint\",\"urlTemplate\":\"https:\/\/fxtekkmachinery.com\/?s={search_term_string}\"},\"query-input\":{\"@type\":\"PropertyValueSpecification\",\"valueRequired\":true,\"valueName\":\"search_term_string\"}}],\"inLanguage\":\"en-US\"},{\"@type\":\"Organization\",\"@id\":\"https:\/\/fxtekkmachinery.com\/#organization\",\"name\":\"FX Tekk Machinery\",\"url\":\"https:\/\/fxtekkmachinery.com\/\",\"logo\":{\"@type\":\"ImageObject\",\"inLanguage\":\"en-US\",\"@id\":\"https:\/\/fxtekkmachinery.com\/#\/schema\/logo\/image\/\",\"url\":\"https:\/\/fxtekkmachinery.com\/wp-content\/uploads\/2022\/11\/fxtekk-original.png\",\"contentUrl\":\"https:\/\/fxtekkmachinery.com\/wp-content\/uploads\/2022\/11\/fxtekk-original.png\",\"width\":600,\"height\":314,\"caption\":\"FX Tekk Machinery\"},\"image\":{\"@id\":\"https:\/\/fxtekkmachinery.com\/#\/schema\/logo\/image\/\"}}]}<\/script>\n<!-- \/ Yoast SEO plugin. -->","yoast_head_json":{"title":"AMADA COMA 567 PUNZONADORA, 1979 - FX Tekk Machinery","robots":{"index":"index","follow":"follow","max-snippet":"max-snippet:-1","max-image-preview":"max-image-preview:large","max-video-preview":"max-video-preview:-1"},"canonical":"https:\/\/fxtekkmachinery.com\/en\/product\/amada-coma-567-punzonadora-1979\/","og_locale":"en_US","og_type":"article","og_title":"AMADA COMA 567 PUNZONADORA, 1979 - FX Tekk Machinery","og_description":"Modelo: COMA 506072   Capacidad: 50 Tons  Control: Fanuc 04P-C  Numero de Torretas: 56  Peso: 18 Tons  A\u00f1o: 1979  Tama\u00f1o de Hoja: 60\u2033 x 72\u2033  Tama\u00f1o de Hoja (con Reposici\u00f3n): 60\u2033 x 144\u2033  Dimensiones Aproximadas de Maquina:  *Con la compra de esta maquina se incluye; entrenamiento e instalacion de maquinaria amada. Tambien asesoria en programacion cnc de su control fanuc y operacion de la m\u00e1quina.","og_url":"https:\/\/fxtekkmachinery.com\/en\/product\/amada-coma-567-punzonadora-1979\/","og_site_name":"FX Tekk Machinery","article_modified_time":"2022-11-18T20:21:32+00:00","og_image":[{"width":2560,"height":1920,"url":"https:\/\/fxtekkmachinery.com\/wp-content\/uploads\/2022\/11\/IMG_1366-scaled.jpg","type":"image\/jpeg"}],"twitter_card":"summary_large_image","twitter_misc":{"Est. reading time":"1 minute"},"schema":{"@context":"https:\/\/schema.org","@graph":[{"@type":"WebPage","@id":"https:\/\/fxtekkmachinery.com\/product\/amada-coma-567-punzonadora-1979\/","url":"https:\/\/fxtekkmachinery.com\/product\/amada-coma-567-punzonadora-1979\/","name":"AMADA COMA 567 PUNZONADORA, 1979 - FX Tekk Machinery","isPartOf":{"@id":"https:\/\/fxtekkmachinery.com\/#website"},"primaryImageOfPage":{"@id":"https:\/\/fxtekkmachinery.com\/product\/amada-coma-567-punzonadora-1979\/#primaryimage"},"image":{"@id":"https:\/\/fxtekkmachinery.com\/product\/amada-coma-567-punzonadora-1979\/#primaryimage"},"thumbnailUrl":"https:\/\/fxtekkmachinery.com\/wp-content\/uploads\/2022\/11\/IMG_1366-scaled.jpg","datePublished":"2022-11-18T20:18:45+00:00","dateModified":"2022-11-18T20:21:32+00:00","breadcrumb":{"@id":"https:\/\/fxtekkmachinery.com\/product\/amada-coma-567-punzonadora-1979\/#breadcrumb"},"inLanguage":"en-US","potentialAction":[{"@type":"ReadAction","target":["https:\/\/fxtekkmachinery.com\/product\/amada-coma-567-punzonadora-1979\/"]}]},{"@type":"ImageObject","inLanguage":"en-US","@id":"https:\/\/fxtekkmachinery.com\/product\/amada-coma-567-punzonadora-1979\/#primaryimage","url":"https:\/\/fxtekkmachinery.com\/wp-content\/uploads\/2022\/11\/IMG_1366-scaled.jpg","contentUrl":"https:\/\/fxtekkmachinery.com\/wp-content\/uploads\/2022\/11\/IMG_1366-scaled.jpg","width":2560,"height":1920},{"@type":"BreadcrumbList","@id":"https:\/\/fxtekkmachinery.com\/product\/amada-coma-567-punzonadora-1979\/#breadcrumb","itemListElement":[{"@type":"ListItem","position":1,"name":"Inicio","item":"https:\/\/fxtekkmachinery.com\/"},{"@type":"ListItem","position":2,"name":"Inventario","item":"https:\/\/fxtekkmachinery.com\/inventario\/"},{"@type":"ListItem","position":3,"name":"AMADA COMA 567 PUNZONADORA, 1979"}]},{"@type":"WebSite","@id":"https:\/\/fxtekkmachinery.com\/#website","url":"https:\/\/fxtekkmachinery.com\/","name":"FX Tekk Machinery","description":"Compra y Venta de Maquinaria Industrial","publisher":{"@id":"https:\/\/fxtekkmachinery.com\/#organization"},"potentialAction":[{"@type":"SearchAction","target":{"@type":"EntryPoint","urlTemplate":"https:\/\/fxtekkmachinery.com\/?s={search_term_string}"},"query-input":{"@type":"PropertyValueSpecification","valueRequired":true,"valueName":"search_term_string"}}],"inLanguage":"en-US"},{"@type":"Organization","@id":"https:\/\/fxtekkmachinery.com\/#organization","name":"FX Tekk Machinery","url":"https:\/\/fxtekkmachinery.com\/","logo":{"@type":"ImageObject","inLanguage":"en-US","@id":"https:\/\/fxtekkmachinery.com\/#\/schema\/logo\/image\/","url":"https:\/\/fxtekkmachinery.com\/wp-content\/uploads\/2022\/11\/fxtekk-original.png","contentUrl":"https:\/\/fxtekkmachinery.com\/wp-content\/uploads\/2022\/11\/fxtekk-original.png","width":600,"height":314,"caption":"FX Tekk Machinery"},"image":{"@id":"https:\/\/fxtekkmachinery.com\/#\/schema\/logo\/image\/"}}]}},"_links":{"self":[{"href":"https:\/\/fxtekkmachinery.com\/en\/wp-json\/wp\/v2\/product\/381","targetHints":{"allow":["GET"]}}],"collection":[{"href":"https:\/\/fxtekkmachinery.com\/en\/wp-json\/wp\/v2\/product"}],"about":[{"href":"https:\/\/fxtekkmachinery.com\/en\/wp-json\/wp\/v2\/types\/product"}],"replies":[{"embeddable":true,"href":"https:\/\/fxtekkmachinery.com\/en\/wp-json\/wp\/v2\/comments?post=381"}],"wp:featuredmedia":[{"embeddable":true,"href":"https:\/\/fxtekkmachinery.com\/en\/wp-json\/wp\/v2\/media\/427"}],"wp:attachment":[{"href":"https:\/\/fxtekkmachinery.com\/en\/wp-json\/wp\/v2\/media?parent=381"}],"wp:term":[{"taxonomy":"product_brand","embeddable":true,"href":"https:\/\/fxtekkmachinery.com\/en\/wp-json\/wp\/v2\/product_brand?post=381"},{"taxonomy":"product_cat","embeddable":true,"href":"https:\/\/fxtekkmachinery.com\/en\/wp-json\/wp\/v2\/product_cat?post=381"},{"taxonomy":"product_tag","embeddable":true,"href":"https:\/\/fxtekkmachinery.com\/en\/wp-json\/wp\/v2\/product_tag?post=381"}],"curies":[{"name":"wp","href":"https:\/\/api.w.org\/{rel}","templated":true}]}}