{"id":38,"date":"2022-11-17T13:25:19","date_gmt":"2022-11-17T19:25:19","guid":{"rendered":"https:\/\/fxtekkmachinery.com\/?page_id=38"},"modified":"2022-12-02T17:15:46","modified_gmt":"2022-12-02T23:15:46","slug":"vende-tu-maquina","status":"publish","type":"page","link":"https:\/\/fxtekkmachinery.com\/en\/vende-tu-maquina\/","title":{"rendered":"Sell your machine"},"content":{"rendered":"<div data-elementor-type=\"wp-page\" data-elementor-id=\"38\" class=\"elementor elementor-38\" data-elementor-post-type=\"page\">\n\t\t\t\t\t\t<section data-marvy_enable_drop_animation=\"false\" data-marvy_enable_fancy_rotate=\"false\" data-marvy_enable_flying_object=\"false\" data-marvy_enable_ripples_animation=\"false\" data-marvy_enable_waves_animation=\"false\" data-marvy_enable_rings_animation=\"false\" data-marvy_enable_topology_animation=\"false\" data-marvy_enable_gradient_animation=\"false\" data-marvy_enable_snow_animation=\"false\" data-marvy_enable_firework_animation=\"false\" data-marvy_enable_cloud_animation=\"false\" class=\"elementor-section elementor-top-section elementor-element elementor-element-3ca69bc3 elementor-section-boxed elementor-section-height-default elementor-section-height-default\" data-id=\"3ca69bc3\" data-element_type=\"section\" data-settings=\"{&quot;background_background&quot;:&quot;classic&quot;}\">\n\t\t\t\t\t\t\t<div class=\"elementor-background-overlay\"><\/div>\n\t\t\t\t\t\t\t<div class=\"elementor-container elementor-column-gap-default\">\n\t\t\t\t\t<div class=\"elementor-column elementor-col-100 elementor-top-column elementor-element elementor-element-6b3bb7bb\" data-id=\"6b3bb7bb\" data-element_type=\"column\">\n\t\t\t<div class=\"elementor-widget-wrap elementor-element-populated\">\n\t\t\t\t\t\t<div class=\"elementor-element elementor-element-22317d21 elementor-invisible elementor-widget elementor-widget-heading\" data-id=\"22317d21\" data-element_type=\"widget\" data-settings=\"{&quot;_animation&quot;:&quot;fadeInUp&quot;}\" data-widget_type=\"heading.default\">\n\t\t\t\t<div class=\"elementor-widget-container\">\n\t\t\t\t\t<h1 class=\"elementor-heading-title elementor-size-default\">Sell your machine<\/h1>\t\t\t\t<\/div>\n\t\t\t\t<\/div>\n\t\t\t\t\t<\/div>\n\t\t<\/div>\n\t\t\t\t\t<\/div>\n\t\t<\/section>\n\t\t\t\t<section data-marvy_enable_drop_animation=\"false\" data-marvy_enable_fancy_rotate=\"false\" data-marvy_enable_flying_object=\"false\" data-marvy_enable_ripples_animation=\"false\" data-marvy_enable_waves_animation=\"false\" data-marvy_enable_rings_animation=\"false\" data-marvy_enable_topology_animation=\"false\" data-marvy_enable_gradient_animation=\"false\" data-marvy_enable_snow_animation=\"false\" data-marvy_enable_firework_animation=\"false\" data-marvy_enable_cloud_animation=\"false\" class=\"elementor-section elementor-top-section elementor-element elementor-element-71de4218 elementor-section-boxed elementor-section-height-default elementor-section-height-default\" data-id=\"71de4218\" data-element_type=\"section\" data-settings=\"{&quot;background_background&quot;:&quot;classic&quot;}\">\n\t\t\t\t\t\t\t<div class=\"elementor-background-overlay\"><\/div>\n\t\t\t\t\t\t\t<div class=\"elementor-container elementor-column-gap-default\">\n\t\t\t\t\t<div class=\"elementor-column elementor-col-100 elementor-top-column elementor-element elementor-element-6ab04571\" data-id=\"6ab04571\" data-element_type=\"column\">\n\t\t\t<div class=\"elementor-widget-wrap elementor-element-populated\">\n\t\t\t\t\t\t<section data-marvy_enable_drop_animation=\"false\" data-marvy_enable_fancy_rotate=\"false\" data-marvy_enable_flying_object=\"false\" data-marvy_enable_ripples_animation=\"false\" data-marvy_enable_waves_animation=\"false\" data-marvy_enable_rings_animation=\"false\" data-marvy_enable_topology_animation=\"false\" data-marvy_enable_gradient_animation=\"false\" data-marvy_enable_snow_animation=\"false\" data-marvy_enable_firework_animation=\"false\" data-marvy_enable_cloud_animation=\"false\" class=\"elementor-section elementor-inner-section elementor-element elementor-element-83159d9 elementor-section-boxed elementor-section-height-default elementor-section-height-default\" data-id=\"83159d9\" data-element_type=\"section\">\n\t\t\t\t\t\t<div class=\"elementor-container elementor-column-gap-default\">\n\t\t\t\t\t<div class=\"elementor-column elementor-col-100 elementor-inner-column elementor-element elementor-element-4604bf9\" data-id=\"4604bf9\" data-element_type=\"column\">\n\t\t\t<div class=\"elementor-widget-wrap elementor-element-populated\">\n\t\t\t\t\t\t<div class=\"elementor-element elementor-element-333e62ca elementor-widget elementor-widget-heading\" data-id=\"333e62ca\" data-element_type=\"widget\" data-widget_type=\"heading.default\">\n\t\t\t\t<div class=\"elementor-widget-container\">\n\t\t\t\t\t<h2 class=\"elementor-heading-title elementor-size-xl\">FX TEKK Machinery is the <br \/>#1 platform in Spanish for the purchase and sale of machinery<\/h2>\t\t\t\t<\/div>\n\t\t\t\t<\/div>\n\t\t\t\t<div class=\"elementor-element elementor-element-67bb677 elementor-invisible elementor-widget elementor-widget-heading\" data-id=\"67bb677\" data-element_type=\"widget\" data-settings=\"{&quot;_animation&quot;:&quot;fadeInDown&quot;}\" data-widget_type=\"heading.default\">\n\t\t\t\t<div class=\"elementor-widget-container\">\n\t\t\t\t\t<h4 class=\"elementor-heading-title elementor-size-default\">\nJoin our global network with more than 33 years of experience in commercialization of industrial assets. Reach more than 25,000 potential buyers\n\n<\/h4>\t\t\t\t<\/div>\n\t\t\t\t<\/div>\n\t\t\t\t\t<\/div>\n\t\t<\/div>\n\t\t\t\t\t<\/div>\n\t\t<\/section>\n\t\t\t\t\t<\/div>\n\t\t<\/div>\n\t\t\t\t\t<\/div>\n\t\t<\/section>\n\t\t\t\t<section data-marvy_enable_drop_animation=\"false\" data-marvy_enable_fancy_rotate=\"false\" data-marvy_enable_flying_object=\"false\" data-marvy_enable_ripples_animation=\"false\" data-marvy_enable_waves_animation=\"false\" data-marvy_enable_rings_animation=\"false\" data-marvy_enable_topology_animation=\"false\" data-marvy_enable_gradient_animation=\"false\" data-marvy_enable_snow_animation=\"false\" data-marvy_enable_firework_animation=\"false\" data-marvy_enable_cloud_animation=\"false\" class=\"elementor-section elementor-top-section elementor-element elementor-element-f87627c elementor-section-boxed elementor-section-height-default elementor-section-height-default\" data-id=\"f87627c\" data-element_type=\"section\" data-settings=\"{&quot;background_background&quot;:&quot;classic&quot;}\">\n\t\t\t\t\t\t<div class=\"elementor-container elementor-column-gap-default\">\n\t\t\t\t\t<div class=\"elementor-column elementor-col-50 elementor-top-column elementor-element elementor-element-83361eb elementor-invisible\" data-id=\"83361eb\" data-element_type=\"column\" data-settings=\"{&quot;animation&quot;:&quot;fadeInLeft&quot;}\">\n\t\t\t<div class=\"elementor-widget-wrap elementor-element-populated\">\n\t\t\t\t\t\t<div class=\"elementor-element elementor-element-ddec4a4 elementor-widget elementor-widget-heading\" data-id=\"ddec4a4\" data-element_type=\"widget\" data-widget_type=\"heading.default\">\n\t\t\t\t<div class=\"elementor-widget-container\">\n\t\t\t\t\t<h2 class=\"elementor-heading-title elementor-size-default\">Post \/ Consignment\n<\/h2>\t\t\t\t<\/div>\n\t\t\t\t<\/div>\n\t\t\t\t<div class=\"elementor-element elementor-element-8fbb9e5 elementor-widget elementor-widget-text-editor\" data-id=\"8fbb9e5\" data-element_type=\"widget\" data-widget_type=\"text-editor.default\">\n\t\t\t\t<div class=\"elementor-widget-container\">\n\t\t\t\t\t\t\t\t\t<p>Monetize surplus and idle assets quickly and painlessly. As a buyer of used machinery, we buy and sell individual machines and complete plants. Sell your used machinery and assets by taking advantage of Perfection's worldwide network, unmatched marketing capabilities and over 50 years of industrial asset sales experience. As one of the largest and most respected industrial asset sales companies in the world, we offer a variety of solutions to sell your used machinery and monetize your assets.<\/p>\t\t\t\t\t\t\t\t<\/div>\n\t\t\t\t<\/div>\n\t\t\t\t<div class=\"elementor-element elementor-element-ca20253 elementor-widget elementor-widget-button\" data-id=\"ca20253\" data-element_type=\"widget\" data-widget_type=\"button.default\">\n\t\t\t\t<div class=\"elementor-widget-container\">\n\t\t\t\t\t\t\t\t\t<div class=\"elementor-button-wrapper\">\n\t\t\t\t\t<a class=\"elementor-button elementor-button-link elementor-size-md\" href=\"https:\/\/fxtekkmachinery.com\/en\/contacto\/\">\n\t\t\t\t\t\t<span class=\"elementor-button-content-wrapper\">\n\t\t\t\t\t\t<span class=\"elementor-button-icon\">\n\t\t\t\t<i aria-hidden=\"true\" class=\"mdi mdi-call-made\"><\/i>\t\t\t<\/span>\n\t\t\t\t\t\t\t\t\t<span class=\"elementor-button-text\">Contact us<\/span>\n\t\t\t\t\t<\/span>\n\t\t\t\t\t<\/a>\n\t\t\t\t<\/div>\n\t\t\t\t\t\t\t\t<\/div>\n\t\t\t\t<\/div>\n\t\t\t\t\t<\/div>\n\t\t<\/div>\n\t\t\t\t<div class=\"elementor-column elementor-col-50 elementor-top-column elementor-element elementor-element-c41c950\" data-id=\"c41c950\" data-element_type=\"column\">\n\t\t\t<div class=\"elementor-widget-wrap elementor-element-populated\">\n\t\t\t\t\t\t<section data-marvy_enable_drop_animation=\"false\" data-marvy_enable_fancy_rotate=\"false\" data-marvy_enable_flying_object=\"false\" data-marvy_enable_ripples_animation=\"false\" data-marvy_enable_waves_animation=\"false\" data-marvy_enable_rings_animation=\"false\" data-marvy_enable_topology_animation=\"false\" data-marvy_enable_gradient_animation=\"false\" data-marvy_enable_snow_animation=\"false\" data-marvy_enable_firework_animation=\"false\" data-marvy_enable_cloud_animation=\"false\" class=\"elementor-section elementor-inner-section elementor-element elementor-element-1e81f62 elementor-section-content-middle elementor-section-boxed elementor-section-height-default elementor-section-height-default\" data-id=\"1e81f62\" data-element_type=\"section\">\n\t\t\t\t\t\t<div class=\"elementor-container elementor-column-gap-default\">\n\t\t\t\t\t<div class=\"elementor-column elementor-col-50 elementor-inner-column elementor-element elementor-element-303be7d elementor-invisible\" data-id=\"303be7d\" data-element_type=\"column\" data-settings=\"{&quot;animation&quot;:&quot;fadeIn&quot;,&quot;animation_delay&quot;:200}\">\n\t\t\t<div class=\"elementor-widget-wrap elementor-element-populated\">\n\t\t\t\t\t\t<div class=\"elementor-element elementor-element-e7c03b9 elementor-widget elementor-widget-image\" data-id=\"e7c03b9\" data-element_type=\"widget\" data-widget_type=\"image.default\">\n\t\t\t\t<div class=\"elementor-widget-container\">\n\t\t\t\t\t\t\t\t\t\t\t\t\t\t\t<img fetchpriority=\"high\" decoding=\"async\" width=\"2000\" height=\"2000\" src=\"https:\/\/fxtekkmachinery.com\/wp-content\/uploads\/2022\/11\/cnc-machine.jpg\" class=\"attachment-full size-full wp-image-336\" alt=\"CNC Machine\" srcset=\"https:\/\/fxtekkmachinery.com\/wp-content\/uploads\/2022\/11\/cnc-machine.jpg 2000w, https:\/\/fxtekkmachinery.com\/wp-content\/uploads\/2022\/11\/cnc-machine-300x300.jpg 300w, https:\/\/fxtekkmachinery.com\/wp-content\/uploads\/2022\/11\/cnc-machine-1024x1024.jpg 1024w, https:\/\/fxtekkmachinery.com\/wp-content\/uploads\/2022\/11\/cnc-machine-150x150.jpg 150w, https:\/\/fxtekkmachinery.com\/wp-content\/uploads\/2022\/11\/cnc-machine-768x768.jpg 768w, https:\/\/fxtekkmachinery.com\/wp-content\/uploads\/2022\/11\/cnc-machine-1536x1536.jpg 1536w, https:\/\/fxtekkmachinery.com\/wp-content\/uploads\/2022\/11\/cnc-machine-600x600.jpg 600w, https:\/\/fxtekkmachinery.com\/wp-content\/uploads\/2022\/11\/cnc-machine-100x100.jpg 100w\" sizes=\"(max-width: 2000px) 100vw, 2000px\" \/>\t\t\t\t\t\t\t\t\t\t\t\t\t\t\t<\/div>\n\t\t\t\t<\/div>\n\t\t\t\t\t<\/div>\n\t\t<\/div>\n\t\t\t\t<div class=\"elementor-column elementor-col-50 elementor-inner-column elementor-element elementor-element-99b9449 elementor-invisible\" data-id=\"99b9449\" data-element_type=\"column\" data-settings=\"{&quot;background_background&quot;:&quot;classic&quot;,&quot;animation&quot;:&quot;zoomIn&quot;}\">\n\t\t\t<div class=\"elementor-widget-wrap elementor-element-populated\">\n\t\t\t\t\t\t<div class=\"elementor-element elementor-element-be7aa38 elementor-view-default elementor-position-top elementor-mobile-position-top elementor-widget elementor-widget-icon-box\" data-id=\"be7aa38\" data-element_type=\"widget\" data-widget_type=\"icon-box.default\">\n\t\t\t\t<div class=\"elementor-widget-container\">\n\t\t\t\t\t\t\t<div class=\"elementor-icon-box-wrapper\">\n\n\t\t\t\t\t\t<div class=\"elementor-icon-box-icon\">\n\t\t\t\t<span  class=\"elementor-icon\">\n\t\t\t\t<i aria-hidden=\"true\" class=\"icon icon-phone1\"><\/i>\t\t\t\t<\/span>\n\t\t\t<\/div>\n\t\t\t\n\t\t\t\t\t\t<div class=\"elementor-icon-box-content\">\n\n\t\t\t\t\t\t\t\t\t<h6 class=\"elementor-icon-box-title\">\n\t\t\t\t\t\t<span  >\n\t\t\t\t\t\t\tCall an I.M.E.\t\t\t\t\t\t<\/span>\n\t\t\t\t\t<\/h6>\n\t\t\t\t\n\t\t\t\t\t\t\t\t\t<p class=\"elementor-icon-box-description\">\n\t\t\t\t\t\tIndustrial Machinery Expert\t\t\t\t\t<\/p>\n\t\t\t\t\n\t\t\t<\/div>\n\t\t\t\n\t\t<\/div>\n\t\t\t\t\t\t<\/div>\n\t\t\t\t<\/div>\n\t\t\t\t<div class=\"elementor-element elementor-element-1f33582 elementor-widget elementor-widget-heading\" data-id=\"1f33582\" data-element_type=\"widget\" data-widget_type=\"heading.default\">\n\t\t\t\t<div class=\"elementor-widget-container\">\n\t\t\t\t\t<h4 class=\"elementor-heading-title elementor-size-default\">+52 81 2091 2205<br \/>\n+1 210 913 3404<\/h4>\t\t\t\t<\/div>\n\t\t\t\t<\/div>\n\t\t\t\t\t<\/div>\n\t\t<\/div>\n\t\t\t\t\t<\/div>\n\t\t<\/section>\n\t\t\t\t\t<\/div>\n\t\t<\/div>\n\t\t\t\t\t<\/div>\n\t\t<\/section>\n\t\t\t\t<\/div>","protected":false},"excerpt":{"rendered":"<p>FX TEKK Machinery es la plataforma # 1 en espa\u00f1ol de compra y venta de maquinaria \u00danase a nuestra red mundial con mas de 33 a\u00f1os de experiencia en comercializaci\u00f3n de activos industriales. Llegue a mas de 25,000 potenciales compradores Publica \/ Consigna Monetice los excedentes y los activos inactivos de forma r\u00e1pida y sin [&hellip;]<\/p>","protected":false},"author":1,"featured_media":0,"parent":0,"menu_order":0,"comment_status":"closed","ping_status":"closed","template":"","meta":{"footnotes":""},"class_list":["post-38","page","type-page","status-publish","hentry"],"yoast_head":"<!-- This site is optimized with the Yoast SEO plugin v26.9 - https:\/\/yoast.com\/product\/yoast-seo-wordpress\/ -->\n<title>Vende tu Maquina - FX Tekk Machinery<\/title>\n<meta name=\"robots\" content=\"index, follow, max-snippet:-1, max-image-preview:large, max-video-preview:-1\" \/>\n<link rel=\"canonical\" href=\"https:\/\/fxtekkmachinery.com\/en\/vende-tu-maquina\/\" \/>\n<meta property=\"og:locale\" content=\"en_US\" \/>\n<meta property=\"og:type\" content=\"article\" \/>\n<meta property=\"og:title\" content=\"Vende tu Maquina - FX Tekk Machinery\" \/>\n<meta property=\"og:description\" content=\"FX TEKK Machinery es la plataforma # 1 en espa\u00f1ol de compra y venta de maquinaria \u00danase a nuestra red mundial con mas de 33 a\u00f1os de experiencia en comercializaci\u00f3n de activos industriales. Llegue a mas de 25,000 potenciales compradores Publica \/ Consigna Monetice los excedentes y los activos inactivos de forma r\u00e1pida y sin [&hellip;]\" \/>\n<meta property=\"og:url\" content=\"https:\/\/fxtekkmachinery.com\/en\/vende-tu-maquina\/\" \/>\n<meta property=\"og:site_name\" content=\"FX Tekk Machinery\" \/>\n<meta property=\"article:modified_time\" content=\"2022-12-02T23:15:46+00:00\" \/>\n<meta property=\"og:image\" content=\"https:\/\/fxtekkmachinery.com\/wp-content\/uploads\/2022\/11\/cnc-machine.jpg\" \/>\n<meta name=\"twitter:card\" content=\"summary_large_image\" \/>\n<meta name=\"twitter:label1\" content=\"Est. reading time\" \/>\n\t<meta name=\"twitter:data1\" content=\"1 minute\" \/>\n<script type=\"application\/ld+json\" class=\"yoast-schema-graph\">{\"@context\":\"https:\/\/schema.org\",\"@graph\":[{\"@type\":\"WebPage\",\"@id\":\"https:\/\/fxtekkmachinery.com\/vende-tu-maquina\/\",\"url\":\"https:\/\/fxtekkmachinery.com\/vende-tu-maquina\/\",\"name\":\"Vende tu Maquina - FX Tekk Machinery\",\"isPartOf\":{\"@id\":\"https:\/\/fxtekkmachinery.com\/#website\"},\"primaryImageOfPage\":{\"@id\":\"https:\/\/fxtekkmachinery.com\/vende-tu-maquina\/#primaryimage\"},\"image\":{\"@id\":\"https:\/\/fxtekkmachinery.com\/vende-tu-maquina\/#primaryimage\"},\"thumbnailUrl\":\"https:\/\/fxtekkmachinery.com\/wp-content\/uploads\/2022\/11\/cnc-machine.jpg\",\"datePublished\":\"2022-11-17T19:25:19+00:00\",\"dateModified\":\"2022-12-02T23:15:46+00:00\",\"breadcrumb\":{\"@id\":\"https:\/\/fxtekkmachinery.com\/vende-tu-maquina\/#breadcrumb\"},\"inLanguage\":\"en-US\",\"potentialAction\":[{\"@type\":\"ReadAction\",\"target\":[\"https:\/\/fxtekkmachinery.com\/vende-tu-maquina\/\"]}]},{\"@type\":\"ImageObject\",\"inLanguage\":\"en-US\",\"@id\":\"https:\/\/fxtekkmachinery.com\/vende-tu-maquina\/#primaryimage\",\"url\":\"https:\/\/fxtekkmachinery.com\/wp-content\/uploads\/2022\/11\/cnc-machine.jpg\",\"contentUrl\":\"https:\/\/fxtekkmachinery.com\/wp-content\/uploads\/2022\/11\/cnc-machine.jpg\"},{\"@type\":\"BreadcrumbList\",\"@id\":\"https:\/\/fxtekkmachinery.com\/vende-tu-maquina\/#breadcrumb\",\"itemListElement\":[{\"@type\":\"ListItem\",\"position\":1,\"name\":\"Inicio\",\"item\":\"https:\/\/fxtekkmachinery.com\/\"},{\"@type\":\"ListItem\",\"position\":2,\"name\":\"Vende tu Maquina\"}]},{\"@type\":\"WebSite\",\"@id\":\"https:\/\/fxtekkmachinery.com\/#website\",\"url\":\"https:\/\/fxtekkmachinery.com\/\",\"name\":\"FX Tekk Machinery\",\"description\":\"Compra y Venta de Maquinaria Industrial\",\"publisher\":{\"@id\":\"https:\/\/fxtekkmachinery.com\/#organization\"},\"potentialAction\":[{\"@type\":\"SearchAction\",\"target\":{\"@type\":\"EntryPoint\",\"urlTemplate\":\"https:\/\/fxtekkmachinery.com\/?s={search_term_string}\"},\"query-input\":{\"@type\":\"PropertyValueSpecification\",\"valueRequired\":true,\"valueName\":\"search_term_string\"}}],\"inLanguage\":\"en-US\"},{\"@type\":\"Organization\",\"@id\":\"https:\/\/fxtekkmachinery.com\/#organization\",\"name\":\"FX Tekk Machinery\",\"url\":\"https:\/\/fxtekkmachinery.com\/\",\"logo\":{\"@type\":\"ImageObject\",\"inLanguage\":\"en-US\",\"@id\":\"https:\/\/fxtekkmachinery.com\/#\/schema\/logo\/image\/\",\"url\":\"https:\/\/fxtekkmachinery.com\/wp-content\/uploads\/2022\/11\/fxtekk-original.png\",\"contentUrl\":\"https:\/\/fxtekkmachinery.com\/wp-content\/uploads\/2022\/11\/fxtekk-original.png\",\"width\":600,\"height\":314,\"caption\":\"FX Tekk Machinery\"},\"image\":{\"@id\":\"https:\/\/fxtekkmachinery.com\/#\/schema\/logo\/image\/\"}}]}<\/script>\n<!-- \/ Yoast SEO plugin. -->","yoast_head_json":{"title":"Vende tu Maquina - FX Tekk Machinery","robots":{"index":"index","follow":"follow","max-snippet":"max-snippet:-1","max-image-preview":"max-image-preview:large","max-video-preview":"max-video-preview:-1"},"canonical":"https:\/\/fxtekkmachinery.com\/en\/vende-tu-maquina\/","og_locale":"en_US","og_type":"article","og_title":"Vende tu Maquina - FX Tekk Machinery","og_description":"FX TEKK Machinery es la plataforma # 1 en espa\u00f1ol de compra y venta de maquinaria \u00danase a nuestra red mundial con mas de 33 a\u00f1os de experiencia en comercializaci\u00f3n de activos industriales. Llegue a mas de 25,000 potenciales compradores Publica \/ Consigna Monetice los excedentes y los activos inactivos de forma r\u00e1pida y sin [&hellip;]","og_url":"https:\/\/fxtekkmachinery.com\/en\/vende-tu-maquina\/","og_site_name":"FX Tekk Machinery","article_modified_time":"2022-12-02T23:15:46+00:00","og_image":[{"url":"https:\/\/fxtekkmachinery.com\/wp-content\/uploads\/2022\/11\/cnc-machine.jpg","type":"","width":"","height":""}],"twitter_card":"summary_large_image","twitter_misc":{"Est. reading time":"1 minute"},"schema":{"@context":"https:\/\/schema.org","@graph":[{"@type":"WebPage","@id":"https:\/\/fxtekkmachinery.com\/vende-tu-maquina\/","url":"https:\/\/fxtekkmachinery.com\/vende-tu-maquina\/","name":"Vende tu Maquina - FX Tekk Machinery","isPartOf":{"@id":"https:\/\/fxtekkmachinery.com\/#website"},"primaryImageOfPage":{"@id":"https:\/\/fxtekkmachinery.com\/vende-tu-maquina\/#primaryimage"},"image":{"@id":"https:\/\/fxtekkmachinery.com\/vende-tu-maquina\/#primaryimage"},"thumbnailUrl":"https:\/\/fxtekkmachinery.com\/wp-content\/uploads\/2022\/11\/cnc-machine.jpg","datePublished":"2022-11-17T19:25:19+00:00","dateModified":"2022-12-02T23:15:46+00:00","breadcrumb":{"@id":"https:\/\/fxtekkmachinery.com\/vende-tu-maquina\/#breadcrumb"},"inLanguage":"en-US","potentialAction":[{"@type":"ReadAction","target":["https:\/\/fxtekkmachinery.com\/vende-tu-maquina\/"]}]},{"@type":"ImageObject","inLanguage":"en-US","@id":"https:\/\/fxtekkmachinery.com\/vende-tu-maquina\/#primaryimage","url":"https:\/\/fxtekkmachinery.com\/wp-content\/uploads\/2022\/11\/cnc-machine.jpg","contentUrl":"https:\/\/fxtekkmachinery.com\/wp-content\/uploads\/2022\/11\/cnc-machine.jpg"},{"@type":"BreadcrumbList","@id":"https:\/\/fxtekkmachinery.com\/vende-tu-maquina\/#breadcrumb","itemListElement":[{"@type":"ListItem","position":1,"name":"Inicio","item":"https:\/\/fxtekkmachinery.com\/"},{"@type":"ListItem","position":2,"name":"Vende tu Maquina"}]},{"@type":"WebSite","@id":"https:\/\/fxtekkmachinery.com\/#website","url":"https:\/\/fxtekkmachinery.com\/","name":"FX Tekk Machinery","description":"Compra y Venta de Maquinaria Industrial","publisher":{"@id":"https:\/\/fxtekkmachinery.com\/#organization"},"potentialAction":[{"@type":"SearchAction","target":{"@type":"EntryPoint","urlTemplate":"https:\/\/fxtekkmachinery.com\/?s={search_term_string}"},"query-input":{"@type":"PropertyValueSpecification","valueRequired":true,"valueName":"search_term_string"}}],"inLanguage":"en-US"},{"@type":"Organization","@id":"https:\/\/fxtekkmachinery.com\/#organization","name":"FX Tekk Machinery","url":"https:\/\/fxtekkmachinery.com\/","logo":{"@type":"ImageObject","inLanguage":"en-US","@id":"https:\/\/fxtekkmachinery.com\/#\/schema\/logo\/image\/","url":"https:\/\/fxtekkmachinery.com\/wp-content\/uploads\/2022\/11\/fxtekk-original.png","contentUrl":"https:\/\/fxtekkmachinery.com\/wp-content\/uploads\/2022\/11\/fxtekk-original.png","width":600,"height":314,"caption":"FX Tekk Machinery"},"image":{"@id":"https:\/\/fxtekkmachinery.com\/#\/schema\/logo\/image\/"}}]}},"_links":{"self":[{"href":"https:\/\/fxtekkmachinery.com\/en\/wp-json\/wp\/v2\/pages\/38","targetHints":{"allow":["GET"]}}],"collection":[{"href":"https:\/\/fxtekkmachinery.com\/en\/wp-json\/wp\/v2\/pages"}],"about":[{"href":"https:\/\/fxtekkmachinery.com\/en\/wp-json\/wp\/v2\/types\/page"}],"author":[{"embeddable":true,"href":"https:\/\/fxtekkmachinery.com\/en\/wp-json\/wp\/v2\/users\/1"}],"replies":[{"embeddable":true,"href":"https:\/\/fxtekkmachinery.com\/en\/wp-json\/wp\/v2\/comments?post=38"}],"version-history":[{"count":31,"href":"https:\/\/fxtekkmachinery.com\/en\/wp-json\/wp\/v2\/pages\/38\/revisions"}],"predecessor-version":[{"id":896,"href":"https:\/\/fxtekkmachinery.com\/en\/wp-json\/wp\/v2\/pages\/38\/revisions\/896"}],"wp:attachment":[{"href":"https:\/\/fxtekkmachinery.com\/en\/wp-json\/wp\/v2\/media?parent=38"}],"curies":[{"name":"wp","href":"https:\/\/api.w.org\/{rel}","templated":true}]}}